{"id":1338,"date":"2025-12-12T12:04:18","date_gmt":"2025-12-12T11:04:18","guid":{"rendered":"https:\/\/dimosa.eu\/?post_type=product&#038;p=1338"},"modified":"2026-01-09T09:49:40","modified_gmt":"2026-01-09T08:49:40","slug":"heart-of-nature","status":"publish","type":"product","link":"https:\/\/dimosa.eu\/it\/product\/heart-of-nature\/","title":{"rendered":"&#8222;Heart of Nature&#8220;"},"content":{"rendered":"<p>Heart of Nature \u2013 Liebe in ihrer nat\u00fcrlichsten Form. Rot steht f\u00fcr Leidenschaft, W\u00e4rme und Energie. Dieses Herz aus stabilisiertem Rentiermoos bringt die Kraft der Natur und die Symbolik der Liebe in dein Zuhause.<\/p>\n<p>\u2714 Stabilisiertes Rentiermoos in kr\u00e4ftigem Rot \u2013 bewahrt die Sch\u00f6nheit der Natur<br \/>\n\u2714 Form: Herz \u2013 ein zeitloses Symbol f\u00fcr Liebe und Verbundenheit<\/p>\n<p>Jedes Detail wurde mit Liebe und Sorgfalt gestaltet \u2013 ein Kunstwerk, das Emotionen weckt.<\/p>\n<p>Ma\u00dfe: 740 x 660 mm<\/p>","protected":false},"excerpt":{"rendered":"<p>\"Heart of Nature\" \u2013 Amore nella sua forma pi\u00f9 naturale.<\/p>","protected":false},"featured_media":1371,"comment_status":"open","ping_status":"closed","template":"","meta":{"_acf_changed":false},"product_cat":[22,23],"product_tag":[],"class_list":{"0":"post-1338","1":"product","2":"type-product","3":"status-publish","4":"has-post-thumbnail","6":"product_cat-geschenksideen","7":"product_cat-say-it-with-love","9":"first","10":"instock","11":"taxable","12":"shipping-taxable","13":"purchasable","14":"product-type-simple","swatches":"rey-swatches","show_selected":""},"aioseo_notices":[],"acf":[],"_links":{"self":[{"href":"https:\/\/dimosa.eu\/it\/wp-json\/wp\/v2\/product\/1338","targetHints":{"allow":["GET"]}}],"collection":[{"href":"https:\/\/dimosa.eu\/it\/wp-json\/wp\/v2\/product"}],"about":[{"href":"https:\/\/dimosa.eu\/it\/wp-json\/wp\/v2\/types\/product"}],"replies":[{"embeddable":true,"href":"https:\/\/dimosa.eu\/it\/wp-json\/wp\/v2\/comments?post=1338"}],"wp:featuredmedia":[{"embeddable":true,"href":"https:\/\/dimosa.eu\/it\/wp-json\/wp\/v2\/media\/1371"}],"wp:attachment":[{"href":"https:\/\/dimosa.eu\/it\/wp-json\/wp\/v2\/media?parent=1338"}],"wp:term":[{"taxonomy":"product_cat","embeddable":true,"href":"https:\/\/dimosa.eu\/it\/wp-json\/wp\/v2\/product_cat?post=1338"},{"taxonomy":"product_tag","embeddable":true,"href":"https:\/\/dimosa.eu\/it\/wp-json\/wp\/v2\/product_tag?post=1338"}],"curies":[{"name":"wp","href":"https:\/\/api.w.org\/{rel}","templated":true}]}}