{"id":1487,"date":"2025-12-16T10:42:08","date_gmt":"2025-12-16T09:42:08","guid":{"rendered":"https:\/\/dimosa.eu\/?post_type=product&#038;p=1487"},"modified":"2026-02-06T16:02:37","modified_gmt":"2026-02-06T15:02:37","slug":"forest-king","status":"publish","type":"product","link":"https:\/\/dimosa.eu\/it\/product\/forest-king\/","title":{"rendered":"&#8222;Forest King&#8220;"},"content":{"rendered":"<p>\u201eForest King\u201c rappresenta la forza e la calma della foresta. La superficie luminosa di muschio verde diventa lo sfondo perfetto per la silhouette stilizzata di un cervo \u2013 simbolo di potenza, libert\u00e0 e connessione con la natura. La cornice in legno antico esalta l\u2019autenticit\u00e0 e trasforma il quadro in un vero punto focale per spazi moderni o ambienti rappresentativi. Senza manutenzione e sostenibile, \u201eForest King\u201c non \u00e8 solo una decorazione, ma una dichiarazione di stile e naturalezza.<\/p>\n<p>Ma\u00dfe: 610 x 610 mm<\/p>","protected":false},"excerpt":{"rendered":"<p>Ein kraftvolles Statement: sattes Gr\u00fcn aus Rentiermoos trifft auf die Silhouette eines majest\u00e4tischen Hirschs. Natur und St\u00e4rke in einem Kunstwerk.<\/p>","protected":false},"featured_media":1931,"comment_status":"open","ping_status":"closed","template":"","meta":{"_acf_changed":false},"product_cat":[21],"product_tag":[],"class_list":{"0":"post-1487","1":"product","2":"type-product","3":"status-publish","4":"has-post-thumbnail","6":"product_cat-moosbild","8":"first","9":"instock","10":"taxable","11":"shipping-taxable","12":"purchasable","13":"product-type-simple","swatches":"rey-swatches","show_selected":""},"aioseo_notices":[],"acf":[],"_links":{"self":[{"href":"https:\/\/dimosa.eu\/it\/wp-json\/wp\/v2\/product\/1487","targetHints":{"allow":["GET"]}}],"collection":[{"href":"https:\/\/dimosa.eu\/it\/wp-json\/wp\/v2\/product"}],"about":[{"href":"https:\/\/dimosa.eu\/it\/wp-json\/wp\/v2\/types\/product"}],"replies":[{"embeddable":true,"href":"https:\/\/dimosa.eu\/it\/wp-json\/wp\/v2\/comments?post=1487"}],"wp:featuredmedia":[{"embeddable":true,"href":"https:\/\/dimosa.eu\/it\/wp-json\/wp\/v2\/media\/1931"}],"wp:attachment":[{"href":"https:\/\/dimosa.eu\/it\/wp-json\/wp\/v2\/media?parent=1487"}],"wp:term":[{"taxonomy":"product_cat","embeddable":true,"href":"https:\/\/dimosa.eu\/it\/wp-json\/wp\/v2\/product_cat?post=1487"},{"taxonomy":"product_tag","embeddable":true,"href":"https:\/\/dimosa.eu\/it\/wp-json\/wp\/v2\/product_tag?post=1487"}],"curies":[{"name":"wp","href":"https:\/\/api.w.org\/{rel}","templated":true}]}}