{"id":1489,"date":"2025-12-16T10:44:18","date_gmt":"2025-12-16T09:44:18","guid":{"rendered":"https:\/\/dimosa.eu\/?post_type=product&#038;p=1489"},"modified":"2026-02-06T15:56:35","modified_gmt":"2026-02-06T14:56:35","slug":"wild-in-natur","status":"publish","type":"product","link":"https:\/\/dimosa.eu\/it\/product\/wild-in-natur\/","title":{"rendered":"&#8222;Wild in Natur&#8220;"},"content":{"rendered":"<p>\u201eWild in Natur\u201c porta l\u2019essenza della foresta direttamente nei tuoi spazi. Il colore naturale del muschio di renna trasmette calma e armonia, mentre la silhouette stilizzata del cervo rappresenta forza ed eleganza. La cornice in legno antico esalta l\u2019autenticit\u00e0 e trasforma il quadro in una dichiarazione di stile per chi ama la natura. Senza manutenzione e sostenibile \u2013 un\u2019opera che unisce naturalezza e design moderno.<\/p>\n<p>Ma\u00dfe: 800 x 800 mm<\/p>","protected":false},"excerpt":{"rendered":"<p>Ein St\u00fcck Natur f\u00fcr Ihre W\u00e4nde: Rentiermoos in seiner urspr\u00fcnglichen Naturfarbe, kombiniert mit einer modernen Hirsch-Silhouette. Authentisch, kraftvoll und zeitlos.<\/p>","protected":false},"featured_media":1927,"comment_status":"open","ping_status":"closed","template":"","meta":{"_acf_changed":false},"product_cat":[21],"product_tag":[],"class_list":{"0":"post-1489","1":"product","2":"type-product","3":"status-publish","4":"has-post-thumbnail","6":"product_cat-moosbild","8":"first","9":"instock","10":"taxable","11":"shipping-taxable","12":"purchasable","13":"product-type-simple","swatches":"rey-swatches","show_selected":""},"aioseo_notices":[],"acf":[],"_links":{"self":[{"href":"https:\/\/dimosa.eu\/it\/wp-json\/wp\/v2\/product\/1489","targetHints":{"allow":["GET"]}}],"collection":[{"href":"https:\/\/dimosa.eu\/it\/wp-json\/wp\/v2\/product"}],"about":[{"href":"https:\/\/dimosa.eu\/it\/wp-json\/wp\/v2\/types\/product"}],"replies":[{"embeddable":true,"href":"https:\/\/dimosa.eu\/it\/wp-json\/wp\/v2\/comments?post=1489"}],"wp:featuredmedia":[{"embeddable":true,"href":"https:\/\/dimosa.eu\/it\/wp-json\/wp\/v2\/media\/1927"}],"wp:attachment":[{"href":"https:\/\/dimosa.eu\/it\/wp-json\/wp\/v2\/media?parent=1489"}],"wp:term":[{"taxonomy":"product_cat","embeddable":true,"href":"https:\/\/dimosa.eu\/it\/wp-json\/wp\/v2\/product_cat?post=1489"},{"taxonomy":"product_tag","embeddable":true,"href":"https:\/\/dimosa.eu\/it\/wp-json\/wp\/v2\/product_tag?post=1489"}],"curies":[{"name":"wp","href":"https:\/\/api.w.org\/{rel}","templated":true}]}}