{"id":1491,"date":"2025-12-16T10:46:41","date_gmt":"2025-12-16T09:46:41","guid":{"rendered":"https:\/\/dimosa.eu\/?post_type=product&#038;p=1491"},"modified":"2026-02-02T09:59:58","modified_gmt":"2026-02-02T08:59:58","slug":"rainbow-nature","status":"publish","type":"product","link":"https:\/\/dimosa.eu\/it\/product\/rainbow-nature\/","title":{"rendered":"&#8222;Rainbow Nature&#8220;"},"content":{"rendered":"<p>Rainbow Nature\u201c \u00e8 un\u2019opera ricca di energia ed emozione. Le tonalit\u00e0 vivaci del muschio \u2013 dal verde fresco al giallo solare fino al blu intenso \u2013 creano un arcobaleno naturale che porta vitalit\u00e0 e ottimismo in ogni ambiente. Questo quadro non \u00e8 solo una decorazione: \u00e8 un simbolo di armonia, diversit\u00e0 e bellezza naturale. La cornice in legno antico esalta l\u2019autenticit\u00e0 e trasforma \u201eRainbow Nature\u201c in un vero pezzo di carattere per spazi moderni, uffici creativi o luoghi di ispirazione. Senza manutenzione e sostenibile \u2013 un arcobaleno che non svanisce mai.<\/p>\n<p>Ma\u00dfe: 865 x 445 mm<\/p>","protected":false},"excerpt":{"rendered":"<p>Ein Regenbogen f\u00fcr Ihre W\u00e4nde: leuchtende Moosfarben in perfekter Harmonie, eingefasst in warmes Altholz. Kunst, die Freude und Natur vereint.<\/p>","protected":false},"featured_media":1492,"comment_status":"open","ping_status":"closed","template":"","meta":{"_acf_changed":false},"product_cat":[21],"product_tag":[],"class_list":{"0":"post-1491","1":"product","2":"type-product","3":"status-publish","4":"has-post-thumbnail","6":"product_cat-moosbild","8":"first","9":"instock","10":"taxable","11":"shipping-taxable","12":"purchasable","13":"product-type-simple","swatches":"rey-swatches","show_selected":""},"aioseo_notices":[],"acf":[],"_links":{"self":[{"href":"https:\/\/dimosa.eu\/it\/wp-json\/wp\/v2\/product\/1491","targetHints":{"allow":["GET"]}}],"collection":[{"href":"https:\/\/dimosa.eu\/it\/wp-json\/wp\/v2\/product"}],"about":[{"href":"https:\/\/dimosa.eu\/it\/wp-json\/wp\/v2\/types\/product"}],"replies":[{"embeddable":true,"href":"https:\/\/dimosa.eu\/it\/wp-json\/wp\/v2\/comments?post=1491"}],"wp:featuredmedia":[{"embeddable":true,"href":"https:\/\/dimosa.eu\/it\/wp-json\/wp\/v2\/media\/1492"}],"wp:attachment":[{"href":"https:\/\/dimosa.eu\/it\/wp-json\/wp\/v2\/media?parent=1491"}],"wp:term":[{"taxonomy":"product_cat","embeddable":true,"href":"https:\/\/dimosa.eu\/it\/wp-json\/wp\/v2\/product_cat?post=1491"},{"taxonomy":"product_tag","embeddable":true,"href":"https:\/\/dimosa.eu\/it\/wp-json\/wp\/v2\/product_tag?post=1491"}],"curies":[{"name":"wp","href":"https:\/\/api.w.org\/{rel}","templated":true}]}}