{"id":1599,"date":"2026-01-09T15:18:40","date_gmt":"2026-01-09T14:18:40","guid":{"rendered":"https:\/\/dimosa.eu\/?post_type=product&#038;p=1599"},"modified":"2026-02-06T15:53:21","modified_gmt":"2026-02-06T14:53:21","slug":"gruene-harmonie-2","status":"publish","type":"product","link":"https:\/\/dimosa.eu\/it\/product\/gruene-harmonie-2\/","title":{"rendered":"\u201cArmonia Verde\u201d"},"content":{"rendered":"<p>Moosbild \u201eGr\u00fcne Harmonie\u201c \u2013 Natur in ihrer sch\u00f6nsten Form. Dieses handgefertigte Wandbild kombiniert verschiedene Gr\u00fcnt\u00f6ne von konserviertem Kugelmoos mit dekorativen Cineraria-Bl\u00e4ttern als edlem Akzent. Die harmonische Komposition schafft eine beruhigende Atmosph\u00e4re und bleibt dank spezieller Konservierung dauerhaft frisch und farbintensiv \u2013 ohne Wasser und Licht. Ideal f\u00fcr Wohnr\u00e4ume, B\u00fcros oder als stilvolles Geschenk. Ein zeitloser Blickfang f\u00fcr Liebhaber nat\u00fcrlicher \u00c4sthetik.<\/p>\n<p>Ma\u00dfe: 865 x 445 mm<\/p>","protected":false},"excerpt":{"rendered":"<p>Quadro di muschio \u201cArmonia Verde\u201d \u2013 Una composizione elegante di muschio a cuscinetto e foglie decorative di Cineraria. Porta freschezza naturale ed eleganza senza tempo in ogni ambiente \u2013 completamente senza manutenzione.<\/p>","protected":false},"featured_media":1925,"comment_status":"open","ping_status":"closed","template":"","meta":{"_acf_changed":false},"product_cat":[21],"product_tag":[],"class_list":{"0":"post-1599","1":"product","2":"type-product","3":"status-publish","4":"has-post-thumbnail","6":"product_cat-moosbild","8":"first","9":"instock","10":"taxable","11":"shipping-taxable","12":"purchasable","13":"product-type-simple","swatches":"rey-swatches","show_selected":""},"aioseo_notices":[],"acf":[],"_links":{"self":[{"href":"https:\/\/dimosa.eu\/it\/wp-json\/wp\/v2\/product\/1599","targetHints":{"allow":["GET"]}}],"collection":[{"href":"https:\/\/dimosa.eu\/it\/wp-json\/wp\/v2\/product"}],"about":[{"href":"https:\/\/dimosa.eu\/it\/wp-json\/wp\/v2\/types\/product"}],"replies":[{"embeddable":true,"href":"https:\/\/dimosa.eu\/it\/wp-json\/wp\/v2\/comments?post=1599"}],"wp:featuredmedia":[{"embeddable":true,"href":"https:\/\/dimosa.eu\/it\/wp-json\/wp\/v2\/media\/1925"}],"wp:attachment":[{"href":"https:\/\/dimosa.eu\/it\/wp-json\/wp\/v2\/media?parent=1599"}],"wp:term":[{"taxonomy":"product_cat","embeddable":true,"href":"https:\/\/dimosa.eu\/it\/wp-json\/wp\/v2\/product_cat?post=1599"},{"taxonomy":"product_tag","embeddable":true,"href":"https:\/\/dimosa.eu\/it\/wp-json\/wp\/v2\/product_tag?post=1599"}],"curies":[{"name":"wp","href":"https:\/\/api.w.org\/{rel}","templated":true}]}}