{"id":1640,"date":"2026-01-15T08:49:15","date_gmt":"2026-01-15T07:49:15","guid":{"rendered":"https:\/\/dimosa.eu\/?post_type=product&#038;p=1640"},"modified":"2026-04-17T09:04:59","modified_gmt":"2026-04-17T07:04:59","slug":"red-rose-heart","status":"publish","type":"product","link":"https:\/\/dimosa.eu\/it\/product\/red-rose-heart\/","title":{"rendered":"&#8222;Red Rose Heart&#8220;"},"content":{"rendered":"<p>\u201eRed Rose Heart\u201c ist die Verk\u00f6rperung von Liebe und Handwerkskunst. Jede einzelne konservierte Rose in tiefem Rot wird sorgf\u00e4ltig von Hand arrangiert, um ein harmonisches und ausdrucksstarkes Gesamtbild zu schaffen. Die Basis besteht aus hochwertigem, verzinktem Stahlblech, das Stabilit\u00e4t und einen modernen Akzent verleiht. Gefertigt in unserer Manufaktur in S\u00fcdtirol, steht dieses Kunstwerk f\u00fcr Qualit\u00e4t, Leidenschaft und zeitlose Sch\u00f6nheit. Dank der Konservierung behalten die Rosen ihre Eleganz \u00fcber Jahre hinweg \u2013 ganz ohne Pflege. Ein exklusives Geschenk oder ein stilvolles Statement f\u00fcr Ihr Zuhause.<\/p>\n<p>Ma\u00df: 200<span style=\"color: #484f56;font-size: 1.125rem\">\u00a0mm<\/span><\/p>","protected":false},"excerpt":{"rendered":"<p>Un cuore pieno di passione: rose rosse stabilizzate, disposte con eleganza in una forma a cuore in lamiera d\u2019acciaio zincato. 100% fatto a mano \u2013 Made in Alto Adige.<\/p>","protected":false},"featured_media":1650,"comment_status":"open","ping_status":"closed","template":"","meta":{"_acf_changed":false},"product_cat":[22,23],"product_tag":[],"class_list":{"0":"post-1640","1":"product","2":"type-product","3":"status-publish","4":"has-post-thumbnail","6":"product_cat-geschenksideen","7":"product_cat-say-it-with-love","9":"first","10":"outofstock","11":"taxable","12":"shipping-taxable","13":"purchasable","14":"product-type-simple","swatches":"rey-swatches","show_selected":""},"aioseo_notices":[],"acf":[],"_links":{"self":[{"href":"https:\/\/dimosa.eu\/it\/wp-json\/wp\/v2\/product\/1640","targetHints":{"allow":["GET"]}}],"collection":[{"href":"https:\/\/dimosa.eu\/it\/wp-json\/wp\/v2\/product"}],"about":[{"href":"https:\/\/dimosa.eu\/it\/wp-json\/wp\/v2\/types\/product"}],"replies":[{"embeddable":true,"href":"https:\/\/dimosa.eu\/it\/wp-json\/wp\/v2\/comments?post=1640"}],"wp:featuredmedia":[{"embeddable":true,"href":"https:\/\/dimosa.eu\/it\/wp-json\/wp\/v2\/media\/1650"}],"wp:attachment":[{"href":"https:\/\/dimosa.eu\/it\/wp-json\/wp\/v2\/media?parent=1640"}],"wp:term":[{"taxonomy":"product_cat","embeddable":true,"href":"https:\/\/dimosa.eu\/it\/wp-json\/wp\/v2\/product_cat?post=1640"},{"taxonomy":"product_tag","embeddable":true,"href":"https:\/\/dimosa.eu\/it\/wp-json\/wp\/v2\/product_tag?post=1640"}],"curies":[{"name":"wp","href":"https:\/\/api.w.org\/{rel}","templated":true}]}}