{"id":1641,"date":"2026-01-15T08:49:15","date_gmt":"2026-01-15T07:49:15","guid":{"rendered":"https:\/\/dimosa.eu\/?post_type=product&#038;p=1641"},"modified":"2026-01-18T21:32:25","modified_gmt":"2026-01-18T20:32:25","slug":"green-passion","status":"publish","type":"product","link":"https:\/\/dimosa.eu\/it\/product\/green-passion\/","title":{"rendered":"&#8222;Green Passion&#8220;"},"content":{"rendered":"<p>\u201eGreen Passion\u201c in Hellgr\u00fcn bringt die Leichtigkeit und Frische der Natur in Ihr Zuhause. Die Herzform ist vollst\u00e4ndig mit konserviertem Rentiermoos in sanftem Hellgr\u00fcn bedeckt \u2013 ein Symbol f\u00fcr Harmonie, Nat\u00fcrlichkeit und Lebensfreude. Die Basis aus verzinktem Stahlblech sorgt f\u00fcr Stabilit\u00e4t und einen modernen Akzent, w\u00e4hrend die sorgf\u00e4ltige Handarbeit in unserer S\u00fcdtiroler Manufaktur h\u00f6chste Qualit\u00e4t garantiert. Pflegefrei und nachhaltig \u2013 ein dekoratives Highlight, das Nat\u00fcrlichkeit und Design perfekt vereint.<\/p>\n<p>Ma\u00df: 200 mm<\/p>","protected":false},"excerpt":{"rendered":"<p>Un cuore di naturalezza: realizzato a mano con muschio di renna stabilizzato in verde chiaro e cornice in lamiera d\u2019acciaio zincato. 100% fatto a mano \u2013 Made in Alto Adige.<\/p>","protected":false},"featured_media":1642,"comment_status":"open","ping_status":"closed","template":"","meta":{"_acf_changed":false},"product_cat":[42,22,23],"product_tag":[],"class_list":{"0":"post-1641","1":"product","2":"type-product","3":"status-publish","4":"has-post-thumbnail","6":"product_cat-design-deals","7":"product_cat-geschenksideen","8":"product_cat-say-it-with-love","10":"first","11":"instock","12":"sale","13":"taxable","14":"shipping-taxable","15":"purchasable","16":"product-type-simple","swatches":"rey-swatches","show_selected":""},"aioseo_notices":[],"acf":[],"_links":{"self":[{"href":"https:\/\/dimosa.eu\/it\/wp-json\/wp\/v2\/product\/1641","targetHints":{"allow":["GET"]}}],"collection":[{"href":"https:\/\/dimosa.eu\/it\/wp-json\/wp\/v2\/product"}],"about":[{"href":"https:\/\/dimosa.eu\/it\/wp-json\/wp\/v2\/types\/product"}],"replies":[{"embeddable":true,"href":"https:\/\/dimosa.eu\/it\/wp-json\/wp\/v2\/comments?post=1641"}],"wp:featuredmedia":[{"embeddable":true,"href":"https:\/\/dimosa.eu\/it\/wp-json\/wp\/v2\/media\/1642"}],"wp:attachment":[{"href":"https:\/\/dimosa.eu\/it\/wp-json\/wp\/v2\/media?parent=1641"}],"wp:term":[{"taxonomy":"product_cat","embeddable":true,"href":"https:\/\/dimosa.eu\/it\/wp-json\/wp\/v2\/product_cat?post=1641"},{"taxonomy":"product_tag","embeddable":true,"href":"https:\/\/dimosa.eu\/it\/wp-json\/wp\/v2\/product_tag?post=1641"}],"curies":[{"name":"wp","href":"https:\/\/api.w.org\/{rel}","templated":true}]}}