{"id":1645,"date":"2026-01-15T08:59:31","date_gmt":"2026-01-15T07:59:31","guid":{"rendered":"https:\/\/dimosa.eu\/?post_type=product&#038;p=1645"},"modified":"2026-02-15T08:45:52","modified_gmt":"2026-02-15T07:45:52","slug":"red-passion","status":"publish","type":"product","link":"https:\/\/dimosa.eu\/it\/product\/red-passion\/","title":{"rendered":"&#8222;Red Passion\u201c"},"content":{"rendered":"<p>\u201eRed Passion\u201c ist die pure Verk\u00f6rperung von Liebe und Nat\u00fcrlichkeit. Die Herzform ist vollst\u00e4ndig mit konserviertem Rentiermoos in intensivem Rot bedeckt \u2013 ein Symbol f\u00fcr Leidenschaft und W\u00e4rme, das jedem Raum einen besonderen Akzent verleiht. Die Basis aus verzinktem Stahlblech sorgt f\u00fcr Stabilit\u00e4t und einen modernen Look, w\u00e4hrend die sorgf\u00e4ltige Handarbeit in unserer S\u00fcdtiroler Manufaktur h\u00f6chste Qualit\u00e4t garantiert. Pflegefrei und nachhaltig \u2013 ein Kunstwerk, das Emotionen weckt und lange Freude bereitet.<\/p>\n<p>Ma\u00df: 200 mm<\/p>","protected":false},"excerpt":{"rendered":"<p>Un cuore di passione: realizzato a mano con muschio di renna stabilizzato e cornice in lamiera d\u2019acciaio zincato. 100% fatto a mano \u2013 Made in Alto Adige.<\/p>","protected":false},"featured_media":1648,"comment_status":"open","ping_status":"closed","template":"","meta":{"_acf_changed":false},"product_cat":[22,23],"product_tag":[],"class_list":{"0":"post-1645","1":"product","2":"type-product","3":"status-publish","4":"has-post-thumbnail","6":"product_cat-geschenksideen","7":"product_cat-say-it-with-love","9":"first","10":"instock","11":"taxable","12":"shipping-taxable","13":"purchasable","14":"product-type-simple","swatches":"rey-swatches","show_selected":""},"aioseo_notices":[],"acf":[],"_links":{"self":[{"href":"https:\/\/dimosa.eu\/it\/wp-json\/wp\/v2\/product\/1645","targetHints":{"allow":["GET"]}}],"collection":[{"href":"https:\/\/dimosa.eu\/it\/wp-json\/wp\/v2\/product"}],"about":[{"href":"https:\/\/dimosa.eu\/it\/wp-json\/wp\/v2\/types\/product"}],"replies":[{"embeddable":true,"href":"https:\/\/dimosa.eu\/it\/wp-json\/wp\/v2\/comments?post=1645"}],"wp:featuredmedia":[{"embeddable":true,"href":"https:\/\/dimosa.eu\/it\/wp-json\/wp\/v2\/media\/1648"}],"wp:attachment":[{"href":"https:\/\/dimosa.eu\/it\/wp-json\/wp\/v2\/media?parent=1645"}],"wp:term":[{"taxonomy":"product_cat","embeddable":true,"href":"https:\/\/dimosa.eu\/it\/wp-json\/wp\/v2\/product_cat?post=1645"},{"taxonomy":"product_tag","embeddable":true,"href":"https:\/\/dimosa.eu\/it\/wp-json\/wp\/v2\/product_tag?post=1645"}],"curies":[{"name":"wp","href":"https:\/\/api.w.org\/{rel}","templated":true}]}}