{"id":1954,"date":"2026-02-15T09:11:45","date_gmt":"2026-02-15T08:11:45","guid":{"rendered":"https:\/\/dimosa.eu\/?post_type=product&#038;p=1954"},"modified":"2026-02-15T09:22:05","modified_gmt":"2026-02-15T08:22:05","slug":"bordeaux-passion","status":"publish","type":"product","link":"https:\/\/dimosa.eu\/it\/product\/bordeaux-passion\/","title":{"rendered":"&#8222;Bordeaux Passion&#8220;"},"content":{"rendered":"<p>Bordeaux Passion \u00e8 un elegante cuore decorativo realizzato a mano e rifinito con muschio di renna conservato nel profondo e caldo colore Bordeaux Red. Questa tonalit\u00e0 racchiude la forza della terra matura \u2013 calda, sensuale e radicata. Come muschio, Bordeaux Red sprigiona un\u2019atmosfera di silenziosa potenza e raffinato calore: un accento che avvolge l\u2019ambiente senza imporsi, come un lieve eco di solidit\u00e0 e continuit\u00e0. Totalmente privo di manutenzione e stabile nel colore, il cuore viene confezionato con cura ed \u00e8 perfetto come regalo ricercato o come dettaglio d\u2019arredo di grande eleganza. Misura: 200 mm<\/p>","protected":false},"excerpt":{"rendered":"<p>Bordeaux Passion \u2013 cuore decorativo artigianale con muschio di renna conservato in tonalit\u00e0 Bordeaux Red, confezionato con cura e perfetto da regalare.<\/p>","protected":false},"featured_media":1959,"comment_status":"open","ping_status":"closed","template":"","meta":{"_acf_changed":false},"product_cat":[22,23],"product_tag":[],"class_list":{"0":"post-1954","1":"product","2":"type-product","3":"status-publish","4":"has-post-thumbnail","6":"product_cat-geschenksideen","7":"product_cat-say-it-with-love","9":"first","10":"instock","11":"taxable","12":"shipping-taxable","13":"purchasable","14":"product-type-simple","swatches":"rey-swatches","show_selected":""},"aioseo_notices":[],"acf":[],"_links":{"self":[{"href":"https:\/\/dimosa.eu\/it\/wp-json\/wp\/v2\/product\/1954","targetHints":{"allow":["GET"]}}],"collection":[{"href":"https:\/\/dimosa.eu\/it\/wp-json\/wp\/v2\/product"}],"about":[{"href":"https:\/\/dimosa.eu\/it\/wp-json\/wp\/v2\/types\/product"}],"replies":[{"embeddable":true,"href":"https:\/\/dimosa.eu\/it\/wp-json\/wp\/v2\/comments?post=1954"}],"wp:featuredmedia":[{"embeddable":true,"href":"https:\/\/dimosa.eu\/it\/wp-json\/wp\/v2\/media\/1959"}],"wp:attachment":[{"href":"https:\/\/dimosa.eu\/it\/wp-json\/wp\/v2\/media?parent=1954"}],"wp:term":[{"taxonomy":"product_cat","embeddable":true,"href":"https:\/\/dimosa.eu\/it\/wp-json\/wp\/v2\/product_cat?post=1954"},{"taxonomy":"product_tag","embeddable":true,"href":"https:\/\/dimosa.eu\/it\/wp-json\/wp\/v2\/product_tag?post=1954"}],"curies":[{"name":"wp","href":"https:\/\/api.w.org\/{rel}","templated":true}]}}